{"id":534,"date":"2024-12-06T19:26:45","date_gmt":"2024-12-06T19:26:45","guid":{"rendered":"https:\/\/sandrasalutintegrativa.com\/?page_id=534"},"modified":"2025-08-06T16:23:51","modified_gmt":"2025-08-06T16:23:51","slug":"politica-de-privadesa","status":"publish","type":"page","link":"https:\/\/sandrasalutintegrativa.com\/ca\/politica-de-privadesa\/","title":{"rendered":"Pol\u00edtica de Privacitat"},"content":{"rendered":"\t\t<div data-elementor-type=\"wp-page\" data-elementor-id=\"534\" class=\"elementor elementor-534\" data-elementor-post-type=\"page\">\n\t\t\t\t\t\t<section data-particle_enable=\"false\" data-particle-mobile-disabled=\"false\" class=\"elementor-section elementor-top-section elementor-element elementor-element-54cf7bd elementor-section-boxed elementor-section-height-default elementor-section-height-default\" data-id=\"54cf7bd\" data-element_type=\"section\" data-e-type=\"section\">\n\t\t\t\t\t\t<div class=\"elementor-container elementor-column-gap-default\">\n\t\t\t\t\t<div class=\"elementor-column elementor-col-100 elementor-top-column elementor-element elementor-element-dc0ba95\" data-id=\"dc0ba95\" data-element_type=\"column\" data-e-type=\"column\">\n\t\t\t<div class=\"elementor-widget-wrap elementor-element-populated\">\n\t\t\t\t\t\t<div class=\"elementor-element elementor-element-59d99f2 elementor-widget elementor-widget-spacer\" data-id=\"59d99f2\" data-element_type=\"widget\" data-e-type=\"widget\" data-widget_type=\"spacer.default\">\n\t\t\t\t<div class=\"elementor-widget-container\">\n\t\t\t\t\t\t\t<div class=\"elementor-spacer\">\n\t\t\t<div class=\"elementor-spacer-inner\"><\/div>\n\t\t<\/div>\n\t\t\t\t\t\t<\/div>\n\t\t\t\t<\/div>\n\t\t\t\t<div class=\"elementor-element elementor-element-418592b elementor-widget elementor-widget-heading\" data-id=\"418592b\" data-element_type=\"widget\" data-e-type=\"widget\" data-widget_type=\"heading.default\">\n\t\t\t\t<div class=\"elementor-widget-container\">\n\t\t\t\t\t<h2 class=\"elementor-heading-title elementor-size-default\">Pol\u00edtica de Privacitat<\/h2>\t\t\t\t<\/div>\n\t\t\t\t<\/div>\n\t\t\t\t\t<\/div>\n\t\t<\/div>\n\t\t\t\t\t<\/div>\n\t\t<\/section>\n\t\t\t\t<section data-particle_enable=\"false\" data-particle-mobile-disabled=\"false\" class=\"elementor-section elementor-top-section elementor-element elementor-element-96558ce elementor-section-boxed elementor-section-height-default elementor-section-height-default\" data-id=\"96558ce\" data-element_type=\"section\" data-e-type=\"section\">\n\t\t\t\t\t\t<div class=\"elementor-container elementor-column-gap-default\">\n\t\t\t\t\t<div class=\"elementor-column elementor-col-100 elementor-top-column elementor-element elementor-element-54fa488\" data-id=\"54fa488\" data-element_type=\"column\" data-e-type=\"column\">\n\t\t\t<div class=\"elementor-widget-wrap elementor-element-populated\">\n\t\t\t\t\t\t<div class=\"elementor-element elementor-element-6c98076 elementor-widget elementor-widget-spacer\" data-id=\"6c98076\" data-element_type=\"widget\" data-e-type=\"widget\" data-widget_type=\"spacer.default\">\n\t\t\t\t<div class=\"elementor-widget-container\">\n\t\t\t\t\t\t\t<div class=\"elementor-spacer\">\n\t\t\t<div class=\"elementor-spacer-inner\"><\/div>\n\t\t<\/div>\n\t\t\t\t\t\t<\/div>\n\t\t\t\t<\/div>\n\t\t\t\t<div class=\"elementor-element elementor-element-1f8c8b2 elementor-widget elementor-widget-text-editor\" data-id=\"1f8c8b2\" data-element_type=\"widget\" data-e-type=\"widget\" data-widget_type=\"text-editor.default\">\n\t\t\t\t<div class=\"elementor-widget-container\">\n\t\t\t\t\t\t\t\t\t<p><strong>Responsable del Tractament<\/strong><\/p>\n<p>L&#8217;empresa responsable del tractament de les seves dades en virtut d&#8217;aquesta Pol\u00edtica de Privacitat \u00e9s:<\/p>\n<p><strong>Sandra Martinez Oliveda.<\/strong><br><strong>NIF:<\/strong> 40451424J<br><strong>Adre\u00e7a:<\/strong>&nbsp;Carrer Sardana, 25, 17600 Figueres, Girona<br><strong>Correu electr\u00f2nic:<\/strong> <a rel=\"noopener\">info@sandrasalutintegrativa.com<\/a><br><strong>Web:<\/strong> sandrasalutintegrativa.com<br><strong>Tel\u00e8fon:<\/strong> 676673445<\/p>\n<p>A <b>Sandra Salut Integrativa,<\/b>&nbsp;reconeixem la import\u00e0ncia de protegir la seva informaci\u00f3 personal i ens comprometem a tractar-la amb responsabilitat i de conformitat amb les lleis de protecci\u00f3 de dades. La present pol\u00edtica de privacitat regula tots els aspectes relatius al tractament de dades dels diferents usuaris que naveguen o faciliten les seves dades personals a trav\u00e9s dels diferents formularis situats a la web.<\/p>\n<h3>&nbsp;<\/h3>\n<h3><strong>Dades Personals<\/strong><\/h3>\n<p>Una dada personal \u00e9s la informaci\u00f3 que l&#8217;identifica o el fa identificable. A trav\u00e9s de la web, en les caselles establertes a l&#8217;efecte, recollim les dades personals que l&#8217;usuari ens comunica: nom, cognoms, correu electr\u00f2nic, tel\u00e8fon, adre\u00e7a postal, poblaci\u00f3, etc., aix\u00ed com totes aquelles dades que volunt\u00e0riament ens proporcioni a trav\u00e9s de qualsevol de les xarxes socials de les quals l&#8217;usuari est\u00e0 registrat. En aquest cas, la privacitat dependr\u00e0 de la configuraci\u00f3 establerta per l&#8217;usuari i dels termes i condicions de la pr\u00f2pia xarxa social.<\/p>\n<p>La visita de l&#8217;usuari a la web no implica que hagi de facilitar cap informaci\u00f3 sobre les seves dades personals. No obstant aix\u00f2, en cas de facilitar-les, les dades seran tractades de manera l\u00edcita, amb subjecci\u00f3 en tot moment als principis i drets recollits en el RGPD 2016\/679 de 27 d&#8217;abril de 2016 i la LOPDGDD 3\/2018 del 5 de desembre.<\/p>\t\t\t\t\t\t\t\t<\/div>\n\t\t\t\t<\/div>\n\t\t\t\t\t<\/div>\n\t\t<\/div>\n\t\t\t\t\t<\/div>\n\t\t<\/section>\n\t\t\t\t<section data-particle_enable=\"false\" data-particle-mobile-disabled=\"false\" class=\"elementor-section elementor-top-section elementor-element elementor-element-cdcd39f elementor-section-boxed elementor-section-height-default elementor-section-height-default\" data-id=\"cdcd39f\" data-element_type=\"section\" data-e-type=\"section\">\n\t\t\t\t\t\t<div class=\"elementor-container elementor-column-gap-default\">\n\t\t\t\t\t<div class=\"elementor-column elementor-col-100 elementor-top-column elementor-element elementor-element-4df3971\" data-id=\"4df3971\" data-element_type=\"column\" data-e-type=\"column\">\n\t\t\t<div class=\"elementor-widget-wrap elementor-element-populated\">\n\t\t\t\t\t\t<div class=\"elementor-element elementor-element-ec59eed elementor-widget elementor-widget-text-editor\" data-id=\"ec59eed\" data-element_type=\"widget\" data-e-type=\"widget\" data-widget_type=\"text-editor.default\">\n\t\t\t\t<div class=\"elementor-widget-container\">\n\t\t\t\t\t\t\t\t\t<h3><strong>Finalitat, durada i legitimaci\u00f3 del tractament:<\/strong><\/h3><p>Les dades que l&#8217;usuari ens proporcioni seran tractades amb les seg\u00fcents finalitats:<\/p><ol><li><p><strong>Atendre la sol\u00b7licitud o petici\u00f3 realitzada per l&#8217;usuari a trav\u00e9s del formulari de contacte situat a la web.<\/strong> Recollim i tractem les dades personals de l&#8217;usuari per tal de tramitar i gestionar la seva sol\u00b7licitud, consulta o qualsevol petici\u00f3 que realitzi a trav\u00e9s d&#8217;aquest formulari. Aquestes dades es conservaran durant el temps necessari per complir amb la seva petici\u00f3 i durant el temps establert per la llei, amb una durada m\u00ednima de 3 anys. La base de legitimaci\u00f3 \u00e9s el consentiment que l&#8217;usuari atorga en seleccionar la casella d&#8217;acceptaci\u00f3 de la nostra pol\u00edtica de privacitat abans d&#8217;enviar la petici\u00f3. L&#8217;usuari t\u00e9 dret a revocar el seu consentiment en qualsevol moment sense que aix\u00f2 afecti la licitud del tractament basat en el consentiment previ a la seva retirada.<\/p><\/li><li><p><strong>Gestionar l&#8217;alta i participaci\u00f3 de l&#8217;usuari en el formulari de comentaris del blog situat a la web.<\/strong> Aquests comentaris seran gestionats per la plataforma WordPress. Les dades facilitades es conservaran mentre l&#8217;usuari no sol\u00b7liciti la baixa de la subscripci\u00f3 al contingut del blog i durant el temps establert per la llei, amb una durada m\u00ednima de 3 anys. La base de legitimaci\u00f3 \u00e9s el consentiment que l&#8217;usuari atorga en registrar-se al formulari de subscripci\u00f3 i seleccionar la casella d&#8217;acceptaci\u00f3 de la nostra pol\u00edtica de privacitat abans d&#8217;enviar la seva sol\u00b7licitud.<\/p><\/li><li><p><strong>Gestionar les experi\u00e8ncies o opinions respecte als productes i\/o serveis mitjan\u00e7ant testimonis dels usuaris que seran publicats a la p\u00e0gina web.<\/strong> Els \u00fanics dades personals que es publicaran seran el nom i la ciutat de l&#8217;usuari. Les dades es conservaran mentre l&#8217;usuari no sol\u00b7liciti la seva revocaci\u00f3 i durant el temps establert per la llei, amb una durada m\u00ednima de 3 anys. La base de legitimaci\u00f3 \u00e9s el consentiment atorgat mitjan\u00e7ant el formulari habilitat a tal efecte i la casella d&#8217;acceptaci\u00f3 de la pol\u00edtica de privacitat.<\/p><\/li><li><p><strong>Atendre i gestionar la compra realitzada per l&#8217;usuari a trav\u00e9s del formulari de compra situat a la web.<\/strong> Tractem les dades personals per processar el pagament dels productes i serveis oferts. Aquestes dades es conservaran durant el temps que duri la relaci\u00f3 contractual i durant el temps establert per la llei per complir amb les obligacions fiscals. La base de legitimaci\u00f3 \u00e9s l&#8217;execuci\u00f3 d&#8217;un contracte de compravenda en qu\u00e8 l&#8217;interessat \u00e9s part.<\/p><\/li><li><p><strong>Guardar el carro de compra abandonat i recordar a l&#8217;usuari que ha deixat un producte a la cistella de compra, si ha introdu\u00eft l&#8217;adre\u00e7a de correu electr\u00f2nic.<\/strong> Les dades es conservaran fins que l&#8217;usuari confirmi la compra per un termini no superior a cinc dies. La base de legitimaci\u00f3 \u00e9s l&#8217;inter\u00e8s leg\u00edtim del Responsable.<\/p><\/li><li><p><strong>Donar d&#8217;alta l&#8217;usuari com a \u201cusuari registrat\u201d a trav\u00e9s del formulari situat a la web, per accedir a l&#8217;\u00e0rea privada i informar-lo de les activitats.<\/strong> Aquestes dades es conservaran mentre no sol\u00b7liciti la baixa i durant el temps establert per la llei, amb una durada m\u00ednima de 3 anys.<\/p><\/li><li><p><strong>Millorar l&#8217;experi\u00e8ncia de navegaci\u00f3 per la web.<\/strong> Les dades es conservaran mentre l&#8217;usuari no revoqui el consentiment eliminant les cookies i durant el temps establert per la llei, amb una durada m\u00ednima de 3 anys.<\/p><\/li><li><p><strong>Gestionar les nostres xarxes socials i enviar informaci\u00f3 sobre activitats i productes.<\/strong> Les dades es conservaran mentre no es revoqui el consentiment i durant el temps establert per la llei, amb una durada m\u00ednima de 3 anys.<\/p><\/li><li><p><strong>Facilitar la formaci\u00f3 i informaci\u00f3 d&#8217;usuaris registrats al lloc web i realitzar les gestions necess\u00e0ries per la seva inscripci\u00f3 a cursos o activitats.<\/strong> Les dades es conservaran mentre duri l&#8217;activitat formativa i durant el temps establert per la llei, amb una durada m\u00ednima de 3 anys.<\/p><\/li><\/ol><h3>\u00a0<\/h3><h3><strong>Cessi\u00f3 o comunicaci\u00f3 de dades personals i transfer\u00e8ncies internacionals<\/strong><\/h3><p>Les seves dades no es comunicaran ni seran cedides a tercers, llevat que existeixi una obligaci\u00f3 legal o prestadors vinculats al Responsable que actuen com a encarregats del tractament.<\/p><p>Els nostres servidors estan ubicats a la Uni\u00f3 Europea, i amb car\u00e0cter general, contractem prestadors de serveis ubicats dins de l&#8217;Espai Econ\u00f2mic Europeu.<\/p>\t\t\t\t\t\t\t\t<\/div>\n\t\t\t\t<\/div>\n\t\t\t\t<div class=\"elementor-element elementor-element-a187afa elementor-widget elementor-widget-text-editor\" data-id=\"a187afa\" data-element_type=\"widget\" data-e-type=\"widget\" data-widget_type=\"text-editor.default\">\n\t\t\t\t<div class=\"elementor-widget-container\">\n\t\t\t\t\t\t\t\t\t<h3><strong>Drets dels interessats<\/strong><\/h3><p>Com a usuari pot exercir els seg\u00fcents drets davant de <strong>Sandra Martinez Oliveda<\/strong>:<\/p><ul><li><strong>Dret d&#8217;acc\u00e9s:<\/strong> Sol\u00b7licitar quines dades personals tractem.<\/li><li><strong>Dret de rectificaci\u00f3:<\/strong> Sol\u00b7licitar la modificaci\u00f3 de les dades si s\u00f3n incorrectes o incompletes.<\/li><li><strong>Dret de supressi\u00f3:<\/strong> Sol\u00b7licitar l&#8217;eliminaci\u00f3 de les seves dades quan, entre altres motius, les dades ja no siguin necess\u00e0ries per als fins pels quals van ser recollides.<\/li><li><strong>Dret de limitaci\u00f3:<\/strong> Sol\u00b7licitar la limitaci\u00f3 del tractament de les dades, en determinades circumst\u00e0ncies, en aquest cas nom\u00e9s les conservarem per exercir o defensar reclamacions.<\/li><li><strong>Dret d&#8217;oposici\u00f3:<\/strong> Oposar-se al tractament de les seves dades per motius personals, excepte per motius leg\u00edtims imperiosos o per exercir o defensar possibles reclamacions.<\/li><li><strong>Dret a la portabilitat:<\/strong> Sol\u00b7licitar la portabilitat de les seves dades en un format estructurat, d&#8217;\u00fas com\u00fa i lectura mec\u00e0nica.<\/li><\/ul><p>Tamb\u00e9 t\u00e9 dret a retirar el consentiment en qualsevol moment per als tractaments basats en el consentiment, sense que aix\u00f2 afecti la licitud del tractament basat en el consentiment previ a la seva retirada.<\/p><p>Per exercir aquests drets, pot enviar una sol\u00b7licitud al correu electr\u00f2nic <strong><a rel=\"noopener\">info@sandrasalutintegrativa.com\u00a0<\/a><\/strong> adjuntant una c\u00f2pia del seu DNI o document identificatiu similar, indicant el dret que desitja exercir.<\/p><p>Si considera que s&#8217;ha vulnerat qualsevol dels seus drets, pot presentar una reclamaci\u00f3 davant l&#8217;<strong>Ag\u00e8ncia Espanyola de Protecci\u00f3 de Dades (AEPD)<\/strong> al seu lloc web <a href=\"https:\/\/www.aepd.es\" target=\"_new\" rel=\"noopener\">www.aepd.es<\/a>.<\/p><h3>\u00a0<\/h3><h3><strong>Tractament de dades de menors<\/strong><\/h3><p>Aquesta web no est\u00e0 dirigida a menors de 18 anys. El Responsable del Tractament declina qualsevol responsabilitat per l&#8217;incompliment d&#8217;aquest requisit.<\/p><h3>\u00a0<\/h3><h3><strong>Actualitzaci\u00f3 de dades<\/strong><\/h3><p>\u00c9s important que les dades facilitades siguin correctes i estiguin actualitzades. Si hi ha algun canvi en les seves dades, l&#8217;usuari ha de notificar-ho per garantir que no es produeixin errors.<\/p><h3>\u00a0<\/h3><h3><strong>Seguretat de les dades<\/strong><\/h3><p>A <strong>Sandra Salut Integrativa<\/strong>. tractem les dades amb absoluta confidencialitat i mantenim les mesures de seguretat requerides per la normativa aplicable per garantir la protecci\u00f3 d&#8217;aquestes dades i evitar-ne l&#8217;alteraci\u00f3, p\u00e8rdua, acc\u00e9s no autoritzat o \u00fas indegut.<\/p><h3>\u00a0<\/h3><h3><strong>Canvis en la Pol\u00edtica de Privacitat<\/strong><\/h3><p>Sandra Salut Integrativa. es reserva el dret a modificar aquesta Pol\u00edtica de Privacitat per adaptar-la a novetats legislatives o jurisprudencials. En aquests casos, anunciarem els canvis en aquesta p\u00e0gina amb una antelaci\u00f3 raonable abans de la seva aplicaci\u00f3.<\/p>\t\t\t\t\t\t\t\t<\/div>\n\t\t\t\t<\/div>\n\t\t\t\t\t<\/div>\n\t\t<\/div>\n\t\t\t\t\t<\/div>\n\t\t<\/section>\n\t\t\t\t<\/div>\n\t\t","protected":false},"excerpt":{"rendered":"<p>Pol\u00edtica de Privacitat Responsable del Tractament L&#8217;empresa responsable del tractament de les seves dades en virtut d&#8217;aquesta Pol\u00edtica de Privacitat \u00e9s: Sandra Martinez Oliveda.NIF: 40451424JAdre\u00e7a:&nbsp;Carrer Sardana, 25, 17600 Figueres, GironaCorreu electr\u00f2nic: info@sandrasalutintegrativa.comWeb: sandrasalutintegrativa.comTel\u00e8fon: 676673445 A Sandra Salut Integrativa,&nbsp;reconeixem la import\u00e0ncia de protegir la seva informaci\u00f3 personal i ens comprometem a tractar-la amb responsabilitat i de [&hellip;]<\/p>\n","protected":false},"author":1,"featured_media":0,"parent":0,"menu_order":0,"comment_status":"closed","ping_status":"open","template":"","meta":{"footnotes":""},"class_list":["post-534","page","type-page","status-publish","hentry"],"aioseo_notices":[],"_links":{"self":[{"href":"https:\/\/sandrasalutintegrativa.com\/ca\/wp-json\/wp\/v2\/pages\/534","targetHints":{"allow":["GET"]}}],"collection":[{"href":"https:\/\/sandrasalutintegrativa.com\/ca\/wp-json\/wp\/v2\/pages"}],"about":[{"href":"https:\/\/sandrasalutintegrativa.com\/ca\/wp-json\/wp\/v2\/types\/page"}],"author":[{"embeddable":true,"href":"https:\/\/sandrasalutintegrativa.com\/ca\/wp-json\/wp\/v2\/users\/1"}],"replies":[{"embeddable":true,"href":"https:\/\/sandrasalutintegrativa.com\/ca\/wp-json\/wp\/v2\/comments?post=534"}],"version-history":[{"count":35,"href":"https:\/\/sandrasalutintegrativa.com\/ca\/wp-json\/wp\/v2\/pages\/534\/revisions"}],"predecessor-version":[{"id":3562,"href":"https:\/\/sandrasalutintegrativa.com\/ca\/wp-json\/wp\/v2\/pages\/534\/revisions\/3562"}],"wp:attachment":[{"href":"https:\/\/sandrasalutintegrativa.com\/ca\/wp-json\/wp\/v2\/media?parent=534"}],"curies":[{"name":"wp","href":"https:\/\/api.w.org\/{rel}","templated":true}]}}