{"id":639,"date":"2024-12-06T19:26:45","date_gmt":"2024-12-06T19:26:45","guid":{"rendered":"https:\/\/sandrasalutintegrativa.com\/?page_id=639"},"modified":"2025-04-11T05:25:54","modified_gmt":"2025-04-11T05:25:54","slug":"avis-legal","status":"publish","type":"page","link":"https:\/\/sandrasalutintegrativa.com\/ca\/avis-legal\/","title":{"rendered":"Avis Legal"},"content":{"rendered":"\t\t<div data-elementor-type=\"wp-page\" data-elementor-id=\"639\" class=\"elementor elementor-639\" data-elementor-post-type=\"page\">\n\t\t\t\t\t\t<section data-particle_enable=\"false\" data-particle-mobile-disabled=\"false\" class=\"elementor-section elementor-top-section elementor-element elementor-element-54cf7bd elementor-section-boxed elementor-section-height-default elementor-section-height-default\" data-id=\"54cf7bd\" data-element_type=\"section\" data-e-type=\"section\">\n\t\t\t\t\t\t<div class=\"elementor-container elementor-column-gap-default\">\n\t\t\t\t\t<div class=\"elementor-column elementor-col-100 elementor-top-column elementor-element elementor-element-dc0ba95\" data-id=\"dc0ba95\" data-element_type=\"column\" data-e-type=\"column\">\n\t\t\t<div class=\"elementor-widget-wrap elementor-element-populated\">\n\t\t\t\t\t\t<div class=\"elementor-element elementor-element-59d99f2 elementor-widget elementor-widget-spacer\" data-id=\"59d99f2\" data-element_type=\"widget\" data-e-type=\"widget\" data-widget_type=\"spacer.default\">\n\t\t\t\t<div class=\"elementor-widget-container\">\n\t\t\t\t\t\t\t<div class=\"elementor-spacer\">\n\t\t\t<div class=\"elementor-spacer-inner\"><\/div>\n\t\t<\/div>\n\t\t\t\t\t\t<\/div>\n\t\t\t\t<\/div>\n\t\t\t\t<div class=\"elementor-element elementor-element-418592b elementor-widget elementor-widget-heading\" data-id=\"418592b\" data-element_type=\"widget\" data-e-type=\"widget\" data-widget_type=\"heading.default\">\n\t\t\t\t<div class=\"elementor-widget-container\">\n\t\t\t\t\t<h2 class=\"elementor-heading-title elementor-size-default\">Av\u00eds Legal<\/h2>\t\t\t\t<\/div>\n\t\t\t\t<\/div>\n\t\t\t\t\t<\/div>\n\t\t<\/div>\n\t\t\t\t\t<\/div>\n\t\t<\/section>\n\t\t\t\t<section data-particle_enable=\"false\" data-particle-mobile-disabled=\"false\" class=\"elementor-section elementor-top-section elementor-element elementor-element-96558ce elementor-section-boxed elementor-section-height-default elementor-section-height-default\" data-id=\"96558ce\" data-element_type=\"section\" data-e-type=\"section\">\n\t\t\t\t\t\t<div class=\"elementor-container elementor-column-gap-default\">\n\t\t\t\t\t<div class=\"elementor-column elementor-col-100 elementor-top-column elementor-element elementor-element-54fa488\" data-id=\"54fa488\" data-element_type=\"column\" data-e-type=\"column\">\n\t\t\t<div class=\"elementor-widget-wrap elementor-element-populated\">\n\t\t\t\t\t\t<div class=\"elementor-element elementor-element-6c98076 elementor-widget elementor-widget-spacer\" data-id=\"6c98076\" data-element_type=\"widget\" data-e-type=\"widget\" data-widget_type=\"spacer.default\">\n\t\t\t\t<div class=\"elementor-widget-container\">\n\t\t\t\t\t\t\t<div class=\"elementor-spacer\">\n\t\t\t<div class=\"elementor-spacer-inner\"><\/div>\n\t\t<\/div>\n\t\t\t\t\t\t<\/div>\n\t\t\t\t<\/div>\n\t\t\t\t<div class=\"elementor-element elementor-element-1f8c8b2 elementor-widget elementor-widget-text-editor\" data-id=\"1f8c8b2\" data-element_type=\"widget\" data-e-type=\"widget\" data-widget_type=\"text-editor.default\">\n\t\t\t\t<div class=\"elementor-widget-container\">\n\t\t\t\t\t\t\t\t\t<h3><strong>LLEI DELS SERVEIS DE LA SOCIETAT DE LA INFORMACI\u00d3 (LSSI)<\/strong><\/h3><p>Sandra Martinez Oliveda., responsable del lloc web, d&#8217;ara endavant RESPONSABLE, posa a disposici\u00f3 dels usuaris el present document, amb el qual pret\u00e9n donar compliment a les obligacions disposades a la Llei 34\/2002, d\u201911 de juliol, de Serveis de la Societat de la Informaci\u00f3 i de Comer\u00e7 Electr\u00f2nic (LSSICE), BOE N.\u00ba 166, aix\u00ed com informar tots els usuaris del lloc web sobre quines s\u00f3n les condicions d\u2019\u00fas.<\/p><p>Tota persona que accedeixi a aquest lloc web assumeix el paper d\u2019usuari, comprometent-se a l\u2019observan\u00e7a i al compliment rigor\u00f3s de les disposicions aqu\u00ed establertes, aix\u00ed com a qualsevol altra disposici\u00f3 legal que fos aplicable.<\/p><p>Sandra Martinez Oliveda. es reserva el dret de modificar qualsevol tipus d&#8217;informaci\u00f3 que pugui apar\u00e8ixer al lloc web, sense que existeixi obligaci\u00f3 de preavisar o posar en coneixement dels usuaris aquestes modificacions, entenent-se com suficient la publicaci\u00f3 al lloc web de Sandra Martinez Oliveda.<\/p><h3>\u00a0<\/h3><h3><strong>1. DADES IDENTIFICATIVES<\/strong><\/h3><p><strong>Nom del domini:<\/strong> sandrasalutintegrativa.com<br \/><strong>Nom comercial:<\/strong> Sandra Salut Integrativa<br \/><strong>Denominaci\u00f3 social:<\/strong> Sandra Martinez Oliveda.<br \/><strong>NIF:<\/strong>\u00a0<br \/><strong>Domicili social:<\/strong>\u00a0<br \/><strong>Tel\u00e8fon:<\/strong> 676 67 34 45<br \/><strong>Correu electr\u00f2nic:<\/strong> <a rel=\"noopener\">info@sandrasalutintegrativa.com<\/a><br \/><strong>Inscrita en el Registre (Mercantil \/ P\u00fablic):<\/strong><\/p><h3>\u00a0<\/h3><h3><strong>2. DRETS DE PROPIETAT INTEL\u00b7LECTUAL I INDUSTRIAL<\/strong><\/h3><p>El lloc web, incloent-hi de manera enunciativa, per\u00f2 no limitativa, la seva programaci\u00f3, edici\u00f3, compilaci\u00f3 i altres elements necessaris per al seu funcionament, els dissenys, logotips, textos i\/o gr\u00e0fics, s\u00f3n propietat del RESPONSABLE o, si \u00e9s el cas, disposa de llic\u00e8ncia o autoritzaci\u00f3 expressa per part dels autors. Tots els continguts del lloc web estan degudament protegits per la normativa de propietat intel\u00b7lectual i industrial, aix\u00ed com inscrits en els registres p\u00fablics corresponents.<\/p><p>Independentment de la finalitat per a la qual fossin destinats, la reproducci\u00f3 total o parcial, \u00fas, explotaci\u00f3, distribuci\u00f3 i comercialitzaci\u00f3 requereixen en tot cas l&#8217;autoritzaci\u00f3 pr\u00e8via per escrit del RESPONSABLE. Qualsevol \u00fas no autoritzat pr\u00e8viament es considera un incompliment greu dels drets de propietat intel\u00b7lectual o industrial de l&#8217;autor.<\/p><p>Els dissenys, logotips, textos i\/o gr\u00e0fics aliens al RESPONSABLE que puguin apar\u00e8ixer al lloc web pertanyen als seus respectius propietaris, essent ells mateixos responsables de qualsevol possible controv\u00e8rsia que pugui sorgir respecte als mateixos.<\/p><p>El RESPONSABLE autoritza expressament que tercers puguin redirigir directament als continguts concrets del lloc web i, en tot cas, redirigir al lloc web principal de sandrasalutintegrativa.com.<\/p><p>El RESPONSABLE reconeix a favor dels seus titulars els corresponents drets de propietat intel\u00b7lectual i industrial, i la seva sola menci\u00f3 o aparici\u00f3 al lloc web no implica l\u2019exist\u00e8ncia de drets o responsabilitat alguna sobre els mateixos, com tampoc cap suport, patrocini o recomanaci\u00f3 per part del RESPONSABLE.<\/p><p>Per fer qualsevol observaci\u00f3 respecte a possibles incompliments dels drets de propietat intel\u00b7lectual o industrial, aix\u00ed com sobre qualsevol dels continguts del lloc web, pot fer-ho a trav\u00e9s del correu electr\u00f2nic <strong><a rel=\"noopener\">info@sandrasalutintegrativa.com<\/a><\/strong>.<\/p><h3>\u00a0<\/h3><h3><strong>3. EXEMPCI\u00d3 DE RESPONSABILITATS<\/strong><\/h3><p>El RESPONSABLE s&#8217;eximeix de qualsevol tipus de responsabilitat derivada de la informaci\u00f3 publicada al lloc web sempre que aquesta informaci\u00f3 hagi estat manipulada o introdu\u00efda per un tercer ali\u00e8.<\/p><h4><strong>\u00das de Cookies<\/strong><\/h4><p>Aquest lloc web pot utilitzar cookies t\u00e8cniques (petits arxius d&#8217;informaci\u00f3 que el servidor envia a l&#8217;ordinador de qui accedeix a la p\u00e0gina) per portar a terme determinades funcions imprescindibles per al correcte funcionament i visualitzaci\u00f3 del lloc.<\/p><p>Les cookies utilitzades s\u00f3n, en tot cas, de car\u00e0cter temporal, amb l&#8217;\u00fanica finalitat de fer m\u00e9s eficient la navegaci\u00f3, i desapareixen en finalitzar la sessi\u00f3 de l\u2019usuari.<\/p><p>En cap cas, aquestes cookies proporcionen per si mateixes dades de car\u00e0cter personal i no s&#8217;utilitzaran per a la recollida d\u2019aquests.<\/p><h4><strong>Pol\u00edtica d\u2019enlla\u00e7os<\/strong><\/h4><p>Des del lloc web, \u00e9s possible que es redirigeixi a continguts de tercers llocs web. At\u00e8s que el RESPONSABLE no pot controlar sempre els continguts introdu\u00efts pels tercers en els seus respectius llocs web, no assumeix cap tipus de responsabilitat respecte a aquests continguts.<\/p><h3>\u00a0<\/h3><h3><strong>4. LLEI APLICABLE I JURISDICCI\u00d3<\/strong><\/h3><p>La llei aplicable en cas de disputa o conflicte d\u2019interpretaci\u00f3 dels termes que conformen els textos legals, aix\u00ed com qualsevol q\u00fcesti\u00f3 relacionada amb els serveis del present lloc web, ser\u00e0 la legislaci\u00f3 espanyola.<\/p>\t\t\t\t\t\t\t\t<\/div>\n\t\t\t\t<\/div>\n\t\t\t\t\t<\/div>\n\t\t<\/div>\n\t\t\t\t\t<\/div>\n\t\t<\/section>\n\t\t\t\t<section data-particle_enable=\"false\" data-particle-mobile-disabled=\"false\" class=\"elementor-section elementor-top-section elementor-element elementor-element-7a9696a elementor-section-boxed elementor-section-height-default elementor-section-height-default\" data-id=\"7a9696a\" data-element_type=\"section\" data-e-type=\"section\">\n\t\t\t\t\t\t<div class=\"elementor-container elementor-column-gap-default\">\n\t\t\t\t\t<div class=\"elementor-column elementor-col-100 elementor-top-column elementor-element elementor-element-7cd102b\" data-id=\"7cd102b\" data-element_type=\"column\" data-e-type=\"column\">\n\t\t\t<div class=\"elementor-widget-wrap elementor-element-populated\">\n\t\t\t\t\t\t<div class=\"elementor-element elementor-element-ecacd23 elementor-widget elementor-widget-text-editor\" data-id=\"ecacd23\" data-element_type=\"widget\" data-e-type=\"widget\" data-widget_type=\"text-editor.default\">\n\t\t\t\t<div class=\"elementor-widget-container\">\n\t\t\t\t\t\t\t\t\t<div class=\"trp_language_switcher_shortcode\">\n<div class=\"trp-language-switcher trp-language-switcher-container\" data-no-translation >\n    <div class=\"trp-ls-shortcode-current-language\">\n        <a href=\"#\" class=\"trp-ls-shortcode-disabled-language trp-ls-disabled-language\" title=\"Catal\u00e0\" onclick=\"event.preventDefault()\">\n\t\t\t<img decoding=\"async\" class=\"trp-flag-image\" src=\"https:\/\/sandrasalutintegrativa.com\/wp-content\/plugins\/translatepress-multilingual\/assets\/images\/flags\/ca.png\" width=\"18\" height=\"12\" alt=\"ca\" title=\"Catal\u00e0\"> \t\t<\/a>\n    <\/div>\n    <div class=\"trp-ls-shortcode-language\">\n                <a href=\"#\" class=\"trp-ls-shortcode-disabled-language trp-ls-disabled-language\"  title=\"Catal\u00e0\" onclick=\"event.preventDefault()\">\n\t\t\t<img decoding=\"async\" class=\"trp-flag-image\" src=\"https:\/\/sandrasalutintegrativa.com\/wp-content\/plugins\/translatepress-multilingual\/assets\/images\/flags\/ca.png\" width=\"18\" height=\"12\" alt=\"ca\" title=\"Catal\u00e0\"> \t\t<\/a>\n                    <a href=\"https:\/\/sandrasalutintegrativa.com\/ca\/wp-json\/wp\/v2\/pages\/639\" title=\"Espa\u00f1ol\">\n            <img decoding=\"async\" class=\"trp-flag-image\" src=\"https:\/\/sandrasalutintegrativa.com\/wp-content\/plugins\/translatepress-multilingual\/assets\/images\/flags\/es_ES.png\" width=\"18\" height=\"12\" alt=\"es_ES\" title=\"Espa\u00f1ol\">         <\/a>\n\n        <\/div>\n    <script type=\"application\/javascript\">\n        \/\/ need to have the same with set from JS on both divs. Otherwise it can push stuff around in HTML\n        var trp_ls_shortcodes = document.querySelectorAll('.trp_language_switcher_shortcode .trp-language-switcher');\n        if ( trp_ls_shortcodes.length > 0) {\n            \/\/ get the last language switcher added\n            var trp_el = trp_ls_shortcodes[trp_ls_shortcodes.length - 1];\n\n            var trp_shortcode_language_item = trp_el.querySelector( '.trp-ls-shortcode-language' )\n            \/\/ set width\n            var trp_ls_shortcode_width                                               = trp_shortcode_language_item.offsetWidth + 16;\n            trp_shortcode_language_item.style.width                                  = trp_ls_shortcode_width + 'px';\n            trp_el.querySelector( '.trp-ls-shortcode-current-language' ).style.width = trp_ls_shortcode_width + 'px';\n\n            \/\/ We're putting this on display: none after we have its width.\n            trp_shortcode_language_item.style.display = 'none';\n        }\n    <\/script>\n<\/div>\n<\/div>\t\t\t\t\t\t\t\t<\/div>\n\t\t\t\t<\/div>\n\t\t\t\t\t<\/div>\n\t\t<\/div>\n\t\t\t\t\t<\/div>\n\t\t<\/section>\n\t\t\t\t<\/div>\n\t\t","protected":false},"excerpt":{"rendered":"<p>Av\u00eds Legal LLEI DELS SERVEIS DE LA SOCIETAT DE LA INFORMACI\u00d3 (LSSI) Sandra Martinez Oliveda., responsable del lloc web, d&#8217;ara endavant RESPONSABLE, posa a disposici\u00f3 dels usuaris el present document, amb el qual pret\u00e9n donar compliment a les obligacions disposades a la Llei 34\/2002, d\u201911 de juliol, de Serveis de la Societat de la Informaci\u00f3 [&hellip;]<\/p>\n","protected":false},"author":1,"featured_media":0,"parent":0,"menu_order":0,"comment_status":"closed","ping_status":"open","template":"","meta":{"footnotes":""},"class_list":["post-639","page","type-page","status-publish","hentry"],"aioseo_notices":[],"_links":{"self":[{"href":"https:\/\/sandrasalutintegrativa.com\/ca\/wp-json\/wp\/v2\/pages\/639","targetHints":{"allow":["GET"]}}],"collection":[{"href":"https:\/\/sandrasalutintegrativa.com\/ca\/wp-json\/wp\/v2\/pages"}],"about":[{"href":"https:\/\/sandrasalutintegrativa.com\/ca\/wp-json\/wp\/v2\/types\/page"}],"author":[{"embeddable":true,"href":"https:\/\/sandrasalutintegrativa.com\/ca\/wp-json\/wp\/v2\/users\/1"}],"replies":[{"embeddable":true,"href":"https:\/\/sandrasalutintegrativa.com\/ca\/wp-json\/wp\/v2\/comments?post=639"}],"version-history":[{"count":13,"href":"https:\/\/sandrasalutintegrativa.com\/ca\/wp-json\/wp\/v2\/pages\/639\/revisions"}],"predecessor-version":[{"id":3374,"href":"https:\/\/sandrasalutintegrativa.com\/ca\/wp-json\/wp\/v2\/pages\/639\/revisions\/3374"}],"wp:attachment":[{"href":"https:\/\/sandrasalutintegrativa.com\/ca\/wp-json\/wp\/v2\/media?parent=639"}],"curies":[{"name":"wp","href":"https:\/\/api.w.org\/{rel}","templated":true}]}}