{"id":650,"date":"2024-12-06T19:26:45","date_gmt":"2024-12-06T19:26:45","guid":{"rendered":"https:\/\/sandrasalutintegrativa.com\/?page_id=650"},"modified":"2024-12-07T17:48:47","modified_gmt":"2024-12-07T17:48:47","slug":"politica-de-cookies","status":"publish","type":"page","link":"https:\/\/sandrasalutintegrativa.com\/ca\/politica-de-cookies\/","title":{"rendered":"Pol\u00edtica de Cookies"},"content":{"rendered":"\t\t<div data-elementor-type=\"wp-page\" data-elementor-id=\"650\" class=\"elementor elementor-650\" data-elementor-post-type=\"page\">\n\t\t\t\t\t\t<section data-particle_enable=\"false\" data-particle-mobile-disabled=\"false\" class=\"elementor-section elementor-top-section elementor-element elementor-element-54cf7bd elementor-section-boxed elementor-section-height-default elementor-section-height-default\" data-id=\"54cf7bd\" data-element_type=\"section\" data-e-type=\"section\">\n\t\t\t\t\t\t<div class=\"elementor-container elementor-column-gap-default\">\n\t\t\t\t\t<div class=\"elementor-column elementor-col-100 elementor-top-column elementor-element elementor-element-dc0ba95\" data-id=\"dc0ba95\" data-element_type=\"column\" data-e-type=\"column\">\n\t\t\t<div class=\"elementor-widget-wrap elementor-element-populated\">\n\t\t\t\t\t\t<div class=\"elementor-element elementor-element-59d99f2 elementor-widget elementor-widget-spacer\" data-id=\"59d99f2\" data-element_type=\"widget\" data-e-type=\"widget\" data-widget_type=\"spacer.default\">\n\t\t\t\t<div class=\"elementor-widget-container\">\n\t\t\t\t\t\t\t<div class=\"elementor-spacer\">\n\t\t\t<div class=\"elementor-spacer-inner\"><\/div>\n\t\t<\/div>\n\t\t\t\t\t\t<\/div>\n\t\t\t\t<\/div>\n\t\t\t\t<div class=\"elementor-element elementor-element-418592b elementor-widget elementor-widget-heading\" data-id=\"418592b\" data-element_type=\"widget\" data-e-type=\"widget\" data-widget_type=\"heading.default\">\n\t\t\t\t<div class=\"elementor-widget-container\">\n\t\t\t\t\t<h2 class=\"elementor-heading-title elementor-size-default\">Pol\u00edtica de Cookies<\/h2>\t\t\t\t<\/div>\n\t\t\t\t<\/div>\n\t\t\t\t\t<\/div>\n\t\t<\/div>\n\t\t\t\t\t<\/div>\n\t\t<\/section>\n\t\t\t\t<section data-particle_enable=\"false\" data-particle-mobile-disabled=\"false\" class=\"elementor-section elementor-top-section elementor-element elementor-element-96558ce elementor-section-boxed elementor-section-height-default elementor-section-height-default\" data-id=\"96558ce\" data-element_type=\"section\" data-e-type=\"section\">\n\t\t\t\t\t\t<div class=\"elementor-container elementor-column-gap-default\">\n\t\t\t\t\t<div class=\"elementor-column elementor-col-100 elementor-top-column elementor-element elementor-element-54fa488\" data-id=\"54fa488\" data-element_type=\"column\" data-e-type=\"column\">\n\t\t\t<div class=\"elementor-widget-wrap elementor-element-populated\">\n\t\t\t\t\t\t<div class=\"elementor-element elementor-element-6c98076 elementor-widget elementor-widget-spacer\" data-id=\"6c98076\" data-element_type=\"widget\" data-e-type=\"widget\" data-widget_type=\"spacer.default\">\n\t\t\t\t<div class=\"elementor-widget-container\">\n\t\t\t\t\t\t\t<div class=\"elementor-spacer\">\n\t\t\t<div class=\"elementor-spacer-inner\"><\/div>\n\t\t<\/div>\n\t\t\t\t\t\t<\/div>\n\t\t\t\t<\/div>\n\t\t\t\t<div class=\"elementor-element elementor-element-1f8c8b2 elementor-widget elementor-widget-text-editor\" data-id=\"1f8c8b2\" data-element_type=\"widget\" data-e-type=\"widget\" data-widget_type=\"text-editor.default\">\n\t\t\t\t<div class=\"elementor-widget-container\">\n\t\t\t\t\t\t\t\t\t<h3><strong>QU\u00c8 S\u00d3N LES COOKIES?<\/strong><\/h3><p>Les cookies i altres tecnologies similars, com els local shared objects, flash cookies o p\u00edxels, s\u00f3n eines utilitzades pels servidors web per emmagatzemar i recuperar informaci\u00f3 sobre els seus visitants, aix\u00ed com per garantir el correcte funcionament del lloc web.<\/p><h3>\u00a0<\/h3><h3><strong>COOKIES UTILITZADES EN AQUEST LLOC WEB<\/strong><\/h3><p>En aquest lloc web nom\u00e9s s&#8217;utilitzen cookies pr\u00f2pies, de sessi\u00f3 i amb finalitat t\u00e8cnica. Aquestes cookies permeten a l&#8217;usuari navegar pel lloc web i utilitzar les diferents opcions i serveis que hi ha disponibles, aix\u00ed com les necess\u00e0ries per a la prestaci\u00f3 de serveis sol\u00b7licitats expressament per l&#8217;usuari.<\/p><p>No s&#8217;utilitzen cookies per recollir dades de car\u00e0cter personal de l&#8217;interessat sense el seu coneixement, ni tampoc per cedir-les a tercers.<\/p><p>El portal del qual \u00e9s titular <strong>Sandra Mart\u00ednez Oliveda.<\/strong> podria contenir enlla\u00e7os a llocs web de tercers, les pol\u00edtiques de privacitat dels quals s\u00f3n alienes a les de <strong>Sandra Mart\u00ednez Oliveda<\/strong>. En accedir a aquests llocs web, l&#8217;usuari pot decidir si accepta les seves pol\u00edtiques de privacitat i cookies.<\/p><h3>\u00a0<\/h3><h3><strong>POL\u00cdTICA DE COOKIES<\/strong><\/h3><p>Les cookies s\u00f3n petits fitxers de text que s\u2019instal\u00b7len als dispositius des dels quals accediu al nostre lloc web. Entre altres finalitats, les cookies registren les prefer\u00e8ncies i els h\u00e0bits de navegaci\u00f3 d\u2019un usuari. S\u2019associen a l\u2019usuari i al seu dispositiu, per\u00f2 no proporcionen dades directament identificatives.<\/p><h4><strong>SEGONS LA SEVA VIG\u00c8NCIA<\/strong><\/h4><ul><li><strong>De sessi\u00f3:<\/strong> s\u00f3n temporals i es mantenen al vostre navegador fins que abandoneu el lloc web.<\/li><li><strong>Persistents:<\/strong> romanen emmagatzemades i el lloc web les llegeix cada vegada que feu una visita.<\/li><\/ul><h4><strong>SEGONS QUI LES GESTIONA<\/strong><\/h4><ul><li><strong>Pr\u00f2pies:<\/strong> s\u00f3n gestionades pel titular del lloc web des del qual es presten els serveis.<\/li><li><strong>De tercers:<\/strong> s\u00f3n enviades a l\u2019usuari per part d\u2019un tercer diferent del titular del lloc web.<\/li><\/ul><h4><strong>SEGONS LA FINALITAT<\/strong><\/h4><ul><li><strong>Necess\u00e0ries:<\/strong> imprescindibles per facilitar la connexi\u00f3. No es poden inhabilitar, ja que s\u00f3n essencials per al funcionament del lloc web.<\/li><li><strong>T\u00e8cniques:<\/strong> permeten controlar el tr\u00e0nsit i la comunicaci\u00f3 de dades, identificar la sessi\u00f3 i accedir a zones restringides, entre altres funcions.<\/li><li><strong>De prefer\u00e8ncies:<\/strong> recorden opcions de l\u2019usuari (com l\u2019idioma o la regi\u00f3) per oferir serveis avan\u00e7ats.<\/li><li><strong>Anal\u00edtiques:<\/strong> proporcionen informaci\u00f3 estad\u00edstica per millorar els serveis. En aquest lloc web utilitzem cookies de Google Analytics que podeu desactivar instal\u00b7lant aquest <strong>plugin<\/strong>.<\/li><li><strong>Publicit\u00e0ries:<\/strong> ofereixen continguts publicitaris relacionats amb els interessos de l\u2019usuari, directament o a trav\u00e9s de tercers (\u201cadservers\u201d).<\/li><li><strong>De geolocalitzaci\u00f3:<\/strong> identifiquen la ubicaci\u00f3 geogr\u00e0fica de l\u2019usuari.<\/li><\/ul><h3>\u00a0<\/h3><h3><strong>CONFIGURACI\u00d3 I DESACTIVACI\u00d3 DE LES COOKIES<\/strong><\/h3><p>Podeu revocar el consentiment sobre l\u2019\u00fas de cookies eliminant-les mitjan\u00e7ant les opcions que ofereix el vostre navegador. Tamb\u00e9 podeu configurar-lo per informar-vos pr\u00e8viament sobre la possible instal\u00b7laci\u00f3 de cookies.<\/p><p>A continuaci\u00f3, es proporcionen enlla\u00e7os amb informaci\u00f3 sobre com fer-ho en els navegadors m\u00e9s comuns:<\/p><ul><li><strong><a href=\"https:\/\/support.mozilla.org\/ca\/kb\/Activar%20i%20desactivar%20cookies\" target=\"_new\" rel=\"noopener\">Firefox<\/a><\/strong><\/li><li><strong><a target=\"_new\" rel=\"noopener\">Chrome<\/a><\/strong><\/li><li><strong><a href=\"https:\/\/support.microsoft.com\/ca-es\/help\/17442\/windows-internet-explorer-delete-manage-cookies\" target=\"_new\" rel=\"noopener\">Explorer<\/a><\/strong><\/li><li><strong><a href=\"https:\/\/support.microsoft.com\/ca-es\/microsoft-edge\" target=\"_new\" rel=\"noopener\">Edge<\/a><\/strong><\/li><li><strong><a href=\"https:\/\/support.apple.com\/ca-es\/guide\/safari\/sfri11471\/mac\" target=\"_new\" rel=\"noopener\">Safari per iOS<\/a><\/strong><\/li><li><strong><a target=\"_new\" rel=\"noopener\">Opera<\/a><\/strong><\/li><\/ul>\t\t\t\t\t\t\t\t<\/div>\n\t\t\t\t<\/div>\n\t\t\t\t\t<\/div>\n\t\t<\/div>\n\t\t\t\t\t<\/div>\n\t\t<\/section>\n\t\t\t\t<\/div>\n\t\t","protected":false},"excerpt":{"rendered":"<p>Pol\u00edtica de Cookies QU\u00c8 S\u00d3N LES COOKIES? Les cookies i altres tecnologies similars, com els local shared objects, flash cookies o p\u00edxels, s\u00f3n eines utilitzades pels servidors web per emmagatzemar i recuperar informaci\u00f3 sobre els seus visitants, aix\u00ed com per garantir el correcte funcionament del lloc web. \u00a0 COOKIES UTILITZADES EN AQUEST LLOC WEB En [&hellip;]<\/p>\n","protected":false},"author":1,"featured_media":0,"parent":0,"menu_order":0,"comment_status":"closed","ping_status":"open","template":"","meta":{"footnotes":""},"class_list":["post-650","page","type-page","status-publish","hentry"],"aioseo_notices":[],"_links":{"self":[{"href":"https:\/\/sandrasalutintegrativa.com\/ca\/wp-json\/wp\/v2\/pages\/650","targetHints":{"allow":["GET"]}}],"collection":[{"href":"https:\/\/sandrasalutintegrativa.com\/ca\/wp-json\/wp\/v2\/pages"}],"about":[{"href":"https:\/\/sandrasalutintegrativa.com\/ca\/wp-json\/wp\/v2\/types\/page"}],"author":[{"embeddable":true,"href":"https:\/\/sandrasalutintegrativa.com\/ca\/wp-json\/wp\/v2\/users\/1"}],"replies":[{"embeddable":true,"href":"https:\/\/sandrasalutintegrativa.com\/ca\/wp-json\/wp\/v2\/comments?post=650"}],"version-history":[{"count":4,"href":"https:\/\/sandrasalutintegrativa.com\/ca\/wp-json\/wp\/v2\/pages\/650\/revisions"}],"predecessor-version":[{"id":654,"href":"https:\/\/sandrasalutintegrativa.com\/ca\/wp-json\/wp\/v2\/pages\/650\/revisions\/654"}],"wp:attachment":[{"href":"https:\/\/sandrasalutintegrativa.com\/ca\/wp-json\/wp\/v2\/media?parent=650"}],"curies":[{"name":"wp","href":"https:\/\/api.w.org\/{rel}","templated":true}]}}